{"id":810,"date":"2025-01-16T09:58:56","date_gmt":"2025-01-16T16:58:56","guid":{"rendered":"https:\/\/omnisoftwaregroup.com\/?page_id=810"},"modified":"2025-03-02T08:57:11","modified_gmt":"2025-03-02T15:57:11","slug":"contact-confirmation","status":"publish","type":"page","link":"https:\/\/omnisoftwaregroup.com\/es\/contact-confirmation\/","title":{"rendered":"Confirmaci\u00f3n de contacto"},"content":{"rendered":"<h3>Gracias por su consulta. En breve nos pondremos en contacto con usted. Por favor, espere hasta 2 d\u00edas laborables para recibir una respuesta. Si transcurridos esos dos d\u00edas no ha recibido respuesta, no dude en volver a ponerse en contacto con nosotros.<\/h3>\n<h3>Recibir\u00e1 una confirmaci\u00f3n por correo electr\u00f3nico. Aseg\u00farese de confirmar su direcci\u00f3n de correo electr\u00f3nico.<\/h3>\n<h3>Gracias,<br \/>\nGrupo OMNI Software<\/h3>\n<!--themify_builder_content-->\n<div id=\"themify_builder_content-810\" data-postid=\"810\" class=\"themify_builder_content themify_builder_content-810 themify_builder tf_clear\">\n                    <div  data-lazy=\"1\" class=\"module_row themify_builder_row tb_t86189 tb_first tf_w\">\n                        <div class=\"row_inner col_align_top tb_col_count_1 tf_box tf_rel\">\n                        <div  data-lazy=\"1\" class=\"module_column tb-column col-full tb_fwsp90 first\">\n                    <!-- module plain text -->\n<div  class=\"module module-plain-text tb_40q4961\" data-lazy=\"1\">\n        <div class=\"tb_text_wrap\">\n    <h3>Gracias por su consulta. En breve nos pondremos en contacto con usted. Por favor, espere hasta 2 d\u00edas laborables para recibir una respuesta. Si transcurridos esos dos d\u00edas no ha recibido respuesta, no dude en volver a ponerse en contacto con nosotros.<\/h3>\n<h3>Recibir\u00e1 una confirmaci\u00f3n por correo electr\u00f3nico. Aseg\u00farese de confirmar su direcci\u00f3n de correo electr\u00f3nico.<\/h3>\n<h3>Gracias,\nOMNI Software Group<\/h3>    <\/div>\n<\/div>\n<!-- \/module plain text -->        <\/div>\n                        <\/div>\n        <\/div>\n        <\/div>\n<!--\/themify_builder_content-->","protected":false},"excerpt":{"rendered":"<p>Thank you for your inquiry. We will be in touch shortly. Please allow up to 2 business days for a response. If you have not heard from us after 2 business days, please do not hesitate to reach out again. You will receive an email confirmation, please be sure to confirm your email address. Thanks, [&hellip;]<\/p>\n","protected":false},"author":1,"featured_media":0,"parent":0,"menu_order":0,"comment_status":"closed","ping_status":"closed","template":"","meta":{"footnotes":""},"class_list":["post-810","page","type-page","status-publish","hentry","has-post-title","has-post-date","has-post-category","has-post-tag","has-post-comment","has-post-author",""],"_links":{"self":[{"href":"https:\/\/omnisoftwaregroup.com\/es\/wp-json\/wp\/v2\/pages\/810","targetHints":{"allow":["GET"]}}],"collection":[{"href":"https:\/\/omnisoftwaregroup.com\/es\/wp-json\/wp\/v2\/pages"}],"about":[{"href":"https:\/\/omnisoftwaregroup.com\/es\/wp-json\/wp\/v2\/types\/page"}],"author":[{"embeddable":true,"href":"https:\/\/omnisoftwaregroup.com\/es\/wp-json\/wp\/v2\/users\/1"}],"replies":[{"embeddable":true,"href":"https:\/\/omnisoftwaregroup.com\/es\/wp-json\/wp\/v2\/comments?post=810"}],"version-history":[{"count":6,"href":"https:\/\/omnisoftwaregroup.com\/es\/wp-json\/wp\/v2\/pages\/810\/revisions"}],"predecessor-version":[{"id":1014,"href":"https:\/\/omnisoftwaregroup.com\/es\/wp-json\/wp\/v2\/pages\/810\/revisions\/1014"}],"wp:attachment":[{"href":"https:\/\/omnisoftwaregroup.com\/es\/wp-json\/wp\/v2\/media?parent=810"}],"curies":[{"name":"wp","href":"https:\/\/api.w.org\/{rel}","templated":true}]}}