{"id":2,"date":"2024-10-10T20:45:53","date_gmt":"2024-10-10T20:45:53","guid":{"rendered":"https:\/\/omni.stageclient.com\/?page_id=2"},"modified":"2025-09-04T11:38:50","modified_gmt":"2025-09-04T17:38:50","slug":"sample-page","status":"publish","type":"page","link":"https:\/\/omnisoftwaregroup.com\/es\/","title":{"rendered":"Inicio"},"content":{"rendered":"<!--themify_builder_content-->\n<div id=\"themify_builder_content-2\" data-postid=\"2\" class=\"themify_builder_content themify_builder_content-2 themify_builder tf_clear\">\n                    <div  data-css_id=\"qxol69\" data-lazy=\"1\" class=\"module_row themify_builder_row fullwidth tb_qxol69 tb_first tf_w\">\n                        <div class=\"row_inner col_align_top tb_col_count_1 tf_box tf_rel\">\n                        <div  data-lazy=\"1\" class=\"module_column tb-column col-full tb_a4xb69 first\">\n                    <!-- module image -->\n<div  class=\"module module-image tb_91fc678 image-top   auto_fullwidth tf_mw\" data-lazy=\"1\">\n        <div class=\"image-wrap tf_rel tf_mw\">\n            <img loading=\"lazy\" decoding=\"async\" width=\"2048\" height=\"1173\" src=\"https:\/\/omnisoftwaregroup.com\/wp-content\/uploads\/2025\/06\/omni-header-background-brand.jpg\" class=\"wp-post-image wp-image-1058\" title=\"omni-header-background-brand\" alt=\"omni-header-background-brand\" srcset=\"https:\/\/omnisoftwaregroup.com\/wp-content\/uploads\/2025\/06\/omni-header-background-brand.jpg 2048w, https:\/\/omnisoftwaregroup.com\/wp-content\/uploads\/2025\/06\/omni-header-background-brand-300x172.jpg 300w, https:\/\/omnisoftwaregroup.com\/wp-content\/uploads\/2025\/06\/omni-header-background-brand-1024x587.jpg 1024w, https:\/\/omnisoftwaregroup.com\/wp-content\/uploads\/2025\/06\/omni-header-background-brand-768x440.jpg 768w, https:\/\/omnisoftwaregroup.com\/wp-content\/uploads\/2025\/06\/omni-header-background-brand-1536x880.jpg 1536w, https:\/\/omnisoftwaregroup.com\/wp-content\/uploads\/2025\/06\/omni-header-background-brand-18x10.jpg 18w\" sizes=\"auto, (max-width: 2048px) 100vw, 2048px\" \/>    \n        <\/div>\n    <!-- \/image-wrap -->\n    \n        <\/div>\n<!-- \/module image -->        <\/div>\n                        <\/div>\n        <\/div>\n                        <div  data-anchor=\"welcome\" data-css_id=\"d0s7433\" data-lazy=\"1\" class=\"module_row themify_builder_row fullwidth_row_container tb_has_section tb_section-welcome tb_d0s7433 tf_w\">\n                        <div class=\"row_inner col_align_top tb_col_count_2 tf_box tf_rel\">\n                        <div  data-lazy=\"1\" class=\"module_column tb-column col4-2 tb_34w9433 first\">\n                    <!-- module text -->\n<div  class=\"module module-text tb_9cho433    wow\" data-tf-animation=\"slideInLeft\" data-lazy=\"1\">\n        <div  class=\"tb_text_wrap\">\n        <h2 class=\"heading-9\">Bienvenido a OMNI Software Group<\/h2>\n<p>El grupo OMNI Software presenta <strong>ArielONE<\/strong>\u00a0nuestro producto estrella, \"Un programa de pesas y medidas que lo hace todo\".\u00a0<strong>ArielONE es<\/strong>\u00a0una soluci\u00f3n f\u00e1cil de usar e integrar que ofrece un enfoque sofisticado adaptado espec\u00edficamente a las empresas de reciclaje de metales.\u00a0<\/p>\n<h4 class=\"heading-10\">ArielONE es una herramienta de software para su empresa de reciclaje de metales.<\/h4>    <\/div>\n<\/div>\n<!-- \/module text --><!-- module buttons -->\n<div  class=\"module module-buttons tb_3vpg907 buttons-horizontal solid  large rounded\" data-lazy=\"1\">\n        <div class=\"module-buttons-item tf_in_flx\">\n                        <a href=\"\/es\/arielone\/\" class=\"ui builder_button tf_in_flx blue\" >\n                                                Visita ArielONE                                        <\/a>\n                <\/div>\n                    <div class=\"module-buttons-item tf_in_flx\">\n                        <a href=\"\/es\/arielone\/#whatwedo\" class=\"ui builder_button tf_in_flx blue\" >\n                                                Qu\u00e9 hacemos                                        <\/a>\n                <\/div>\n                    <div class=\"module-buttons-item tf_in_flx\">\n                        <a href=\"\/es\/arielone\/#features\" class=\"ui builder_button tf_in_flx blue\" >\n                                                Caracter\u00edsticas                                        <\/a>\n                <\/div>\n            <\/div>\n<!-- \/module buttons -->\n        <\/div>\n                    <div  data-lazy=\"1\" class=\"module_column tb-column col4-2 tb_mrrr433 last\">\n                    <!-- module text -->\n<div  class=\"module module-text tb_ah12433 button-3   wow\" data-tf-animation=\"slideInRight\" data-lazy=\"1\">\n        <div  class=\"tb_text_wrap\">\n        <h2 style=\"text-align: center;\"><a href=\"\/es\/arielone\/\"><img loading=\"lazy\" decoding=\"async\" class=\"alignnone wp-image-1027\" src=\"https:\/\/omnisoftwaregroup.com\/wp-content\/uploads\/2025\/06\/ArielONE-Logo-Web-310-crop-300x83.png\" alt=\"\" width=\"228\" height=\"63\" srcset=\"https:\/\/omnisoftwaregroup.com\/wp-content\/uploads\/2025\/06\/ArielONE-Logo-Web-310-crop-300x83.png 300w, https:\/\/omnisoftwaregroup.com\/wp-content\/uploads\/2025\/06\/ArielONE-Logo-Web-310-crop-18x5.png 18w, https:\/\/omnisoftwaregroup.com\/wp-content\/uploads\/2025\/06\/ArielONE-Logo-Web-310-crop.png 310w\" sizes=\"auto, (max-width: 228px) 100vw, 228px\" \/><\/a><br><a href=\"\/es\/#contact\"><em>Solicitar una demostraci\u00f3n<\/em><\/a><\/h2>\n<p class=\"bold-text-2\" style=\"color: #1d235e; text-align: center;\">Iniciemos una conversaci\u00f3n<br><strong><a href=\"tel:1-866-500-6664\"><em>(866) 500 OMNI<\/em><\/a><\/strong><\/p>    <\/div>\n<\/div>\n<!-- \/module text -->        <\/div>\n                        <\/div>\n        <\/div>\n                        <div  data-anchor=\"services\" data-lazy=\"1\" class=\"module_row themify_builder_row tb_has_section tb_section-services tb_h826334 tf_w\">\n                        <div class=\"row_inner col_align_top tb_col_count_1 tf_box tf_rel\">\n                        <div  data-lazy=\"1\" class=\"module_column tb-column col-full tb_pd93335 first\">\n                    <!-- module fancy heading -->\n<div  class=\"module module-fancy-heading tb_4a9m229\" data-lazy=\"1\">\n        <h1 class=\"fancy-heading tf_textc\">\n    <span class=\"main-head tf_block\">\n                    NUESTROS SERVICIOS            <\/span>\n\n    \n    <span class=\"sub-head tf_block tf_rel\">\n                    OMNI Software Group es un proveedor de servicios completos...            <\/span>\n    <\/h1>\n<\/div>\n<!-- \/module fancy heading -->\n        <\/div>\n                        <\/div>\n        <\/div>\n                        <div  data-css_id=\"rs5h620\" data-lazy=\"1\" class=\"module_row themify_builder_row fullwidth tb_rs5h620 tf_w\">\n                        <div class=\"row_inner col_align_top tb_col_count_1 tf_box tf_rel\">\n                        <div  data-lazy=\"1\" class=\"module_column tb-column col-full tb_s3vw621 first\">\n                            <div  data-lazy=\"1\" class=\"module_subrow themify_builder_sub_row tf_w col_align_top gutter-none tb_col_count_3 tb_1kqn621\">\n                <div  data-lazy=\"1\" class=\"module_column sub_column col3-1 tb_zxtn621 first\">\n        <span  class=\"builder_row_cover tf_abs\" data-lazy=\"1\"><\/span>            <!-- module text -->\n<div  class=\"module module-text tb_nja8621\" data-lazy=\"1\">\n        <div  class=\"tb_text_wrap\">\n        <h2>SERVICIOS DE APOYO INFORM\u00c1TICO<\/h2>    <\/div>\n<\/div>\n<!-- \/module text --><!-- module buttons -->\n<div  class=\"module module-buttons tb_8ytf621 buttons-horizontal solid  large\" data-lazy=\"1\">\n        <div class=\"module-buttons-item tf_in_flx\">\n                        <a href=\"\/es\/it-support-services\/\" class=\"ui builder_button tf_in_flx blue\" >\n                                                M\u00e1s informaci\u00f3n                                        <\/a>\n                <\/div>\n            <\/div>\n<!-- \/module buttons -->\n        <\/div>\n                    <div  data-lazy=\"1\" class=\"module_column sub_column col3-1 tb_ocpy762\">\n        <span  class=\"builder_row_cover tf_abs\" data-lazy=\"1\"><\/span>            <!-- module image -->\n<div  class=\"module module-image tb_8xoo740 image-top   tf_mw\" data-lazy=\"1\">\n        <div class=\"image-wrap tf_rel tf_mw\">\n            <img loading=\"lazy\" decoding=\"async\" width=\"422\" height=\"75\" src=\"https:\/\/omnisoftwaregroup.com\/wp-content\/uploads\/2025\/09\/mts_logo_transparent.42fb8685d120f3b23c99.png\" class=\"wp-post-image wp-image-1340\" title=\"mts_logo_transparent.42fb8685d120f3b23c99\" alt=\"mts_logo_transparent.42fb8685d120f3b23c99\" srcset=\"https:\/\/omnisoftwaregroup.com\/wp-content\/uploads\/2025\/09\/mts_logo_transparent.42fb8685d120f3b23c99.png 422w, https:\/\/omnisoftwaregroup.com\/wp-content\/uploads\/2025\/09\/mts_logo_transparent.42fb8685d120f3b23c99-300x53.png 300w, https:\/\/omnisoftwaregroup.com\/wp-content\/uploads\/2025\/09\/mts_logo_transparent.42fb8685d120f3b23c99-18x3.png 18w\" sizes=\"auto, (max-width: 422px) 100vw, 422px\" \/>    \n        <\/div>\n    <!-- \/image-wrap -->\n    \n        <\/div>\n<!-- \/module image --><!-- module buttons -->\n<div  class=\"module module-buttons tb_afv0762 buttons-horizontal solid  large\" data-lazy=\"1\">\n        <div class=\"module-buttons-item tf_in_flx\">\n                        <a href=\"\/es\/mytruckscales-powered-by-truckpay\/\" class=\"ui builder_button tf_in_flx blue\" >\n                                                Ver detalles                                        <\/a>\n                <\/div>\n            <\/div>\n<!-- \/module buttons -->\n        <\/div>\n                    <div  data-lazy=\"1\" class=\"module_column sub_column col3-1 tb_mjt7161 last\">\n        <span  class=\"builder_row_cover tf_abs\" data-lazy=\"1\"><\/span>            <!-- module text -->\n<div  class=\"module module-text tb_s3j6161\" data-lazy=\"1\">\n        <div  class=\"tb_text_wrap\">\n        <h2>DESARROLLO, DISE\u00d1O E IMPLANTACI\u00d3N DE SOFTWARE<\/h2>    <\/div>\n<\/div>\n<!-- \/module text --><!-- module buttons -->\n<div  class=\"module module-buttons tb_2s7f161 buttons-horizontal solid  large\" data-lazy=\"1\">\n        <div class=\"module-buttons-item tf_in_flx\">\n                        <a href=\"\/es\/software-development-design-implementation\/\" class=\"ui builder_button tf_in_flx blue\" >\n                                                M\u00e1s informaci\u00f3n                                        <\/a>\n                <\/div>\n            <\/div>\n<!-- \/module buttons -->\n        <\/div>\n                    <\/div>\n                <\/div>\n                        <\/div>\n        <\/div>\n                        <div  data-lazy=\"1\" class=\"module_row themify_builder_row tb_ma7061 tf_w\">\n                        <div class=\"row_inner col_align_top tb_col_count_1 tf_box tf_rel\">\n                        <div  data-lazy=\"1\" class=\"module_column tb-column col-full tb_b5ti61 first\">\n                    <!-- module fancy heading -->\n<div  class=\"module module-fancy-heading tb_b4ip61\" data-lazy=\"1\">\n        <h1 class=\"fancy-heading tf_textc\">\n    <span class=\"main-head tf_block\">\n                    ArielONE            <\/span>\n\n    \n    <span class=\"sub-head tf_block tf_rel\">\n                    \"\u00a1Un programa de pesas y medidas que lo hace todo!\"            <\/span>\n    <\/h1>\n<\/div>\n<!-- \/module fancy heading -->\n        <\/div>\n                        <\/div>\n        <\/div>\n                        <div  data-css_id=\"cch4815\" data-lazy=\"1\" class=\"module_row themify_builder_row fullwidth tb_cch4815 tf_w\">\n                        <div class=\"row_inner col_align_top tb_col_count_1 tf_box tf_rel\">\n                        <div  data-lazy=\"1\" class=\"module_column tb-column col-full tb_8txj815 first\">\n                            <div  data-lazy=\"1\" class=\"module_subrow themify_builder_sub_row tf_w col_align_top tb_col_count_3 tb_qbkl668\">\n                <div  data-lazy=\"1\" class=\"module_column sub_column col3-1 tb_eao7668 first\">\n                            <\/div>\n                    <div  data-lazy=\"1\" class=\"module_column sub_column col3-1 tb_1vze668\">\n                    <!-- module text -->\n<div  class=\"module module-text tb_x3ef211\" data-lazy=\"1\">\n        <div  class=\"tb_text_wrap\">\n        <h2 class=\"heading-6\" style=\"text-align: center;\" data-w-id=\"69c9a46a-8857-40c1-88a8-83827e09b4cc\">ArielONE<br \/>Resultados r\u00e1pidos<\/h2>    <\/div>\n<\/div>\n<!-- \/module text --><!-- module buttons -->\n<div  class=\"module module-buttons tb_rp0u939 buttons-horizontal solid  large rounded\" data-lazy=\"1\">\n        <div class=\"module-buttons-item tf_in_flx\">\n                        <a href=\"\/es\/request-a-demo\/\" class=\"ui builder_button tf_in_flx transparent\" >\n                                                Solicitar una demostraci\u00f3n                                        <\/a>\n                <\/div>\n                    <div class=\"module-buttons-item tf_in_flx\">\n                        <a href=\"\/es\/arielone\/\" class=\"ui builder_button tf_in_flx tb_default_color\" >\n                                                M\u00e1s informaci\u00f3n                                        <\/a>\n                <\/div>\n            <\/div>\n<!-- \/module buttons -->\n        <\/div>\n                    <div  data-lazy=\"1\" class=\"module_column sub_column col3-1 tb_obd6946 last\">\n                            <\/div>\n                    <\/div>\n                <div  data-lazy=\"1\" class=\"module_subrow themify_builder_sub_row tf_w col_align_top tb_col_count_1 tb_oet1292\">\n                <div  data-lazy=\"1\" class=\"module_column sub_column col-full tb_748z292 first\">\n                    <!-- module plain text -->\n<div  class=\"module module-plain-text tb_xvcn768  hide-mobile\" data-lazy=\"1\">\n        <div class=\"tb_text_wrap\">\n    <div style=\"display:block:min-height:700px\">\n\t<br><br><br><br><br><br><br><br><br><br><br><br><br><br>\n\t<br><br><br><br><br><br><br><br><br><br><br><br><br><br>\n\t<br><br><br><br><br><br><br><br><br>\n<\/div>    <\/div>\n<\/div>\n<!-- \/module plain text -->        <\/div>\n                    <\/div>\n                <\/div>\n                        <\/div>\n        <\/div>\n                        <div  data-lazy=\"1\" class=\"module_row themify_builder_row tb_55hc448 tf_w\">\n                        <div class=\"row_inner col_align_top tb_col_count_1 tf_box tf_rel\">\n                        <div  data-lazy=\"1\" class=\"module_column tb-column col-full tb_5tws448 first\">\n                    <!-- module fancy heading -->\n<div  class=\"module module-fancy-heading tb_67yn448\" data-lazy=\"1\">\n        <h1 class=\"fancy-heading tf_textc\">\n    <span class=\"main-head tf_block\">\n                    PRECIOS JUSTOS Y COMPETITIVOS            <\/span>\n\n    \n    <span class=\"sub-head tf_block tf_rel\">\n                                <\/span>\n    <\/h1>\n<\/div>\n<!-- \/module fancy heading -->\n        <\/div>\n                        <\/div>\n        <\/div>\n                        <div  data-zooming-bg=\"desktop\" data-css_id=\"lm6a614\" data-lazy=\"1\" class=\"module_row themify_builder_row fullwidth_row_container tb_lm6a614 tf_w\">\n                        <div class=\"row_inner col_align_top tb_col_count_1 tf_box tf_rel\">\n                        <div  data-lazy=\"1\" class=\"module_column tb-column col-full tb_6qra614 first\">\n                            <div  data-lazy=\"1\" class=\"module_subrow themify_builder_sub_row tf_w col_align_top tb_col_count_1 tb_l6yz614\">\n                <div  data-lazy=\"1\" class=\"module_column sub_column col-full tb_igia614 first\">\n                    <!-- module text -->\n<div  class=\"module module-text tb_966f49\" data-lazy=\"1\">\n        <div  class=\"tb_text_wrap\">\n        <h3 class=\"heading-4\" style=\"text-align: center;\">\u00a0Los precios se basan en contratos de precio fijo y\/o en honorarios fijos de coste incrementado para proyectos a gran escala.  Todos los precios se presentan sin cargos ocultos.<\/h3>\n<h3 style=\"text-align: center;\">Somos competitivos en costes para seguir en activo.<\/h3>    <\/div>\n<\/div>\n<!-- \/module text -->        <\/div>\n                    <\/div>\n                <\/div>\n                        <\/div>\n        <\/div>\n                        <div  data-lazy=\"1\" class=\"module_row themify_builder_row tb_8rnp476 tf_w\">\n                        <div class=\"row_inner col_align_top tb_col_count_1 tf_box tf_rel\">\n                        <div  data-lazy=\"1\" class=\"module_column tb-column col-full tb_6pfh476 first\">\n                    <!-- module fancy heading -->\n<div  class=\"module module-fancy-heading tb_q8sx476\" data-lazy=\"1\">\n        <h1 class=\"fancy-heading tf_textc\">\n    <span class=\"main-head tf_block\">\n                    CONFIDENCIALIDAD            <\/span>\n\n    \n    <span class=\"sub-head tf_block tf_rel\">\n                                <\/span>\n    <\/h1>\n<\/div>\n<!-- \/module fancy heading -->\n        <\/div>\n                        <\/div>\n        <\/div>\n                        <div  data-anchor=\"about\" data-css_id=\"2nem559\" data-lazy=\"1\" class=\"module_row themify_builder_row fullwidth tb_has_section tb_section-about tb_2nem559 tf_w\">\n                        <div class=\"row_inner col_align_top tb_col_count_1 tf_box tf_rel\">\n                        <div  data-lazy=\"1\" class=\"module_column tb-column col-full tb_wtsr559 first\">\n                            <div  data-lazy=\"1\" class=\"module_subrow themify_builder_sub_row tf_w col_align_top tb_col_count_1 tb_w73o496\">\n                <div  data-lazy=\"1\" class=\"module_column sub_column col-full tb_djh8496 first\">\n                    <!-- module text -->\n<div  class=\"module module-text tb_5xa6614\" data-lazy=\"1\">\n        <div  class=\"tb_text_wrap\">\n        <p>Todas y cada una de las consultas son privadas y confidenciales, al igual que cualquier contrataci\u00f3n de trabajo.  Nuestros sistemas de desarrollo interno han evolucionado para ofrecer la m\u00e1xima defensa contra sofisticadas infiltraciones cibern\u00e9ticas.  Las pruebas de penetraci\u00f3n se realizan de forma rutinaria.<\/p>\n<p>\u00a0\u00a0\u00a0\u00a0\u00a0\u00a0\u00a0\u00a0\u00a0\u00a0\u00a0\u00a0\u00a0\u00a0\u00a0 Se comprueban los antecedentes de todo el personal, que ha firmado estrictos acuerdos de confidencialidad.<\/p>\n<p>\u00a0\u00a0\u00a0\u00a0\u00a0\u00a0\u00a0\u00a0\u00a0\u00a0\u00a0\u00a0\u00a0\u00a0\u00a0 Los datos confidenciales se entregan al cliente una vez finalizado el proyecto.<\/p>    <\/div>\n<\/div>\n<!-- \/module text -->        <\/div>\n                    <\/div>\n                <\/div>\n                        <\/div>\n        <\/div>\n                        <div  data-lazy=\"1\" class=\"module_row themify_builder_row tb_evx6358 tf_w\">\n                        <div class=\"row_inner col_align_top tb_col_count_1 tf_box tf_rel\">\n                        <div  data-lazy=\"1\" class=\"module_column tb-column col-full tb_pz11358 first\">\n                    <!-- module fancy heading -->\n<div  class=\"module module-fancy-heading tb_zug2358\" data-lazy=\"1\">\n        <h1 class=\"fancy-heading tf_textc\">\n    <span class=\"main-head tf_block\">\n                    <a href=\"\/es\/request-a-demo\/\">Solicite una demostraci\u00f3n de ArielONE<\/a>\n            <\/span>\n\n    \n    <span class=\"sub-head tf_block tf_rel\">\n                    <a href=\"\/es\/request-a-demo\/\">CONTACTO<\/a>\n            <\/span>\n    <\/h1>\n<\/div>\n<!-- \/module fancy heading -->\n        <div  data-lazy=\"1\" class=\"module_subrow themify_builder_sub_row tf_w col_align_top tb_col_count_1 tb_cw12747\">\n                <div  data-lazy=\"1\" class=\"module_column sub_column col-full tb_97jk747 first\">\n                    <!-- module buttons -->\n<div  class=\"module module-buttons tb_e5zz501 buttons-horizontal solid  xlarge\" data-lazy=\"1\">\n        <div class=\"module-buttons-item tf_in_flx\">\n                        <a href=\"https:\/\/themify.me\/\" class=\"ui builder_button tf_in_flx tb_default_color\" >\n                                                Solicite una demostraci\u00f3n de ArielONE                                        <\/a>\n                <\/div>\n                    <div class=\"module-buttons-item tf_in_flx\">\n                        <a href=\"https:\/\/themify.me\/\" class=\"ui builder_button tf_in_flx tb_default_color\" >\n                                                Contacte con nosotros                                        <\/a>\n                <\/div>\n            <\/div>\n<!-- \/module buttons -->\n        <\/div>\n                    <\/div>\n                <\/div>\n                        <\/div>\n        <\/div>\n                        <div  data-css_id=\"k4b5967\" data-lazy=\"1\" class=\"module_row themify_builder_row fullwidth tb_k4b5967 tf_w\">\n                        <div class=\"row_inner col_align_top tb_col_count_1 tf_box tf_rel\">\n                        <div  data-lazy=\"1\" class=\"module_column tb-column col-full tb_as5h967 first\">\n                            <\/div>\n                        <\/div>\n        <\/div>\n        <\/div>\n<!--\/themify_builder_content-->","protected":false},"excerpt":{"rendered":"<p>Welcome to OMNI Software Group OMNI Software group presents ArielONE\u00a0our flagship product,\u00a0 &#8220;A weights and measurements program that does is all!&#8221;.\u00a0ArielONE is\u00a0a user-friendly and easily integrated solution which offers a sophisticated approach tailored specifically for metal recycling enterprises.\u00a0 ArielONE is a Software Tool for Your Metal Recycling Business! Visit ArielONE What We Do Features Request [&hellip;]<\/p>\n","protected":false},"author":1,"featured_media":0,"parent":0,"menu_order":0,"comment_status":"closed","ping_status":"closed","template":"","meta":{"footnotes":""},"class_list":["post-2","page","type-page","status-publish","hentry","has-post-title","has-post-date","has-post-category","has-post-tag","has-post-comment","has-post-author",""],"_links":{"self":[{"href":"https:\/\/omnisoftwaregroup.com\/es\/wp-json\/wp\/v2\/pages\/2","targetHints":{"allow":["GET"]}}],"collection":[{"href":"https:\/\/omnisoftwaregroup.com\/es\/wp-json\/wp\/v2\/pages"}],"about":[{"href":"https:\/\/omnisoftwaregroup.com\/es\/wp-json\/wp\/v2\/types\/page"}],"author":[{"embeddable":true,"href":"https:\/\/omnisoftwaregroup.com\/es\/wp-json\/wp\/v2\/users\/1"}],"replies":[{"embeddable":true,"href":"https:\/\/omnisoftwaregroup.com\/es\/wp-json\/wp\/v2\/comments?post=2"}],"version-history":[{"count":8,"href":"https:\/\/omnisoftwaregroup.com\/es\/wp-json\/wp\/v2\/pages\/2\/revisions"}],"predecessor-version":[{"id":1343,"href":"https:\/\/omnisoftwaregroup.com\/es\/wp-json\/wp\/v2\/pages\/2\/revisions\/1343"}],"wp:attachment":[{"href":"https:\/\/omnisoftwaregroup.com\/es\/wp-json\/wp\/v2\/media?parent=2"}],"curies":[{"name":"wp","href":"https:\/\/api.w.org\/{rel}","templated":true}]}}