{"id":1228,"date":"2025-09-02T07:32:47","date_gmt":"2025-09-02T13:32:47","guid":{"rendered":"https:\/\/omnisoftwaregroup.com\/?page_id=1228"},"modified":"2025-09-04T11:50:49","modified_gmt":"2025-09-04T17:50:49","slug":"mytruckscales-powered-by-truckpay","status":"publish","type":"page","link":"https:\/\/omnisoftwaregroup.com\/es\/mytruckscales-powered-by-truckpay\/","title":{"rendered":"MyTruckScales Powered by TruckPay"},"content":{"rendered":"<!--themify_builder_content-->\n<div id=\"themify_builder_content-1228\" data-postid=\"1228\" class=\"themify_builder_content themify_builder_content-1228 themify_builder tf_clear\">\n                    <div  data-css_id=\"48ht965\" data-lazy=\"1\" class=\"module_row themify_builder_row fullwidth tb_48ht965 tb_first tf_w\">\n            <span  class=\"builder_row_cover tf_abs\" data-lazy=\"1\"><\/span>            <div class=\"row_inner col_align_top tb_col_count_1 tf_box tf_rel\">\n                        <div  data-lazy=\"1\" class=\"module_column tb-column col-full tb_a19b965 first\">\n                            <div  data-lazy=\"1\" class=\"module_subrow themify_builder_sub_row tf_w col_align_top tb_col_count_4 tb_1hfq230\">\n                <div  data-lazy=\"1\" class=\"module_column sub_column col4-1 tb_4ngh230 first\">\n                            <\/div>\n                    <div  data-lazy=\"1\" class=\"module_column sub_column col4-1 tb_fr6w230\">\n                    <!-- module image -->\n<div  class=\"module module-image tb_rmr7222 image-top   tf_mw\" data-lazy=\"1\">\n        <div class=\"image-wrap tf_rel tf_mw\">\n            <img loading=\"lazy\" decoding=\"async\" width=\"225\" height=\"419\" src=\"https:\/\/omnisoftwaregroup.com\/wp-content\/uploads\/2025\/09\/mytruckscale-phone-screenshot.png\" class=\"wp-post-image wp-image-1316\" title=\"mytruckscale-phone-screenshot\" alt=\"mytruckscale-phone-screenshot\" srcset=\"https:\/\/omnisoftwaregroup.com\/wp-content\/uploads\/2025\/09\/mytruckscale-phone-screenshot.png 225w, https:\/\/omnisoftwaregroup.com\/wp-content\/uploads\/2025\/09\/mytruckscale-phone-screenshot-161x300.png 161w, https:\/\/omnisoftwaregroup.com\/wp-content\/uploads\/2025\/09\/mytruckscale-phone-screenshot-6x12.png 6w\" sizes=\"auto, (max-width: 225px) 100vw, 225px\" \/>    \n        <\/div>\n    <!-- \/image-wrap -->\n    \n        <\/div>\n<!-- \/module image -->        <\/div>\n                    <div  data-lazy=\"1\" class=\"module_column sub_column col4-1 tb_23uh230\">\n                    <!-- module image -->\n<div  class=\"module module-image tb_z9ok241 image-top   tf_mw\" data-lazy=\"1\">\n        <div class=\"image-wrap tf_rel tf_mw\">\n            <img loading=\"lazy\" decoding=\"async\" width=\"422\" height=\"75\" src=\"https:\/\/omnisoftwaregroup.com\/wp-content\/uploads\/2025\/09\/mts_logo_transparent.42fb8685d120f3b23c99.png\" class=\"wp-post-image wp-image-1340\" title=\"mts_logo_transparent.42fb8685d120f3b23c99\" alt=\"mts_logo_transparent.42fb8685d120f3b23c99\" srcset=\"https:\/\/omnisoftwaregroup.com\/wp-content\/uploads\/2025\/09\/mts_logo_transparent.42fb8685d120f3b23c99.png 422w, https:\/\/omnisoftwaregroup.com\/wp-content\/uploads\/2025\/09\/mts_logo_transparent.42fb8685d120f3b23c99-300x53.png 300w, https:\/\/omnisoftwaregroup.com\/wp-content\/uploads\/2025\/09\/mts_logo_transparent.42fb8685d120f3b23c99-18x3.png 18w\" sizes=\"auto, (max-width: 422px) 100vw, 422px\" \/>    \n        <\/div>\n    <!-- \/image-wrap -->\n    \n        <\/div>\n<!-- \/module image -->        <\/div>\n                    <div  data-lazy=\"1\" class=\"module_column sub_column col4-1 tb_g2v3230 last\">\n                            <\/div>\n                    <\/div>\n                <\/div>\n                        <\/div>\n        <\/div>\n                        <div  data-lazy=\"1\" class=\"module_row themify_builder_row tb_4m8w965 tf_w\">\n                        <div class=\"row_inner col_align_top tb_col_count_2 tf_box tf_rel\">\n                        <div  data-lazy=\"1\" class=\"module_column tb-column col4-2 tb_pf2f965 first\">\n                    <!-- module text -->\n<div  class=\"module module-text tb_0s5m965\" data-lazy=\"1\">\n        <div  class=\"tb_text_wrap\">\n        <h2>REDUCIR COSTES Y REASIGNAR CAPITAL<\/h2>\n<ul class=\"feature-list__ul\">\n<li class=\"feature-item\">Elimine los billetes de papel<\/li>\n<li class=\"feature-item\"><i class=\"far fa-circle fa-1x\" aria-hidden=\"true\"><\/i>Eliminar Servidores PC de Scale House<\/li>\n<li class=\"feature-item\"><i class=\"far fa-circle fa-1x\" aria-hidden=\"true\"><\/i>Desh\u00e1gase de los quioscos f\u00edsicos<\/li>\n<li class=\"feature-item\"><i class=\"far fa-circle fa-1x\" aria-hidden=\"true\"><\/i>Dedique su dinero a otras prioridades empresariales<\/li>\n<\/ul>    <\/div>\n<\/div>\n<!-- \/module text -->        <\/div>\n                    <div  data-lazy=\"1\" class=\"module_column tb-column col4-2 tb_rdvx689 last\">\n                    <!-- module image -->\n<div  class=\"module module-image tb_z0st311 image-center   tf_mw\" data-lazy=\"1\">\n        <div class=\"image-wrap tf_rel tf_mw\">\n            <img loading=\"lazy\" decoding=\"async\" src=\"https:\/\/omnisoftwaregroup.com\/wp-content\/uploads\/2025\/09\/OMNI-software-group-MyTruckScale-image-383x322.jpg\" width=\"383\" height=\"322\" class=\"wp-post-image wp-image-1321\" title=\"OMNI-software-group-MyTruckScale-image\" alt=\"OMNI-software-group-MyTruckScale-image\" srcset=\"https:\/\/omnisoftwaregroup.com\/wp-content\/uploads\/2025\/09\/OMNI-software-group-MyTruckScale-image-383x322.jpg 383w, https:\/\/omnisoftwaregroup.com\/wp-content\/uploads\/2025\/09\/OMNI-software-group-MyTruckScale-image-300x253.jpg 300w, https:\/\/omnisoftwaregroup.com\/wp-content\/uploads\/2025\/09\/OMNI-software-group-MyTruckScale-image-768x648.jpg 768w, https:\/\/omnisoftwaregroup.com\/wp-content\/uploads\/2025\/09\/OMNI-software-group-MyTruckScale-image-14x12.jpg 14w, https:\/\/omnisoftwaregroup.com\/wp-content\/uploads\/2025\/09\/OMNI-software-group-MyTruckScale-image.jpg 800w\" sizes=\"auto, (max-width: 383px) 100vw, 383px\" \/>    \n        <\/div>\n    <!-- \/image-wrap -->\n    \n        <\/div>\n<!-- \/module image -->        <\/div>\n                        <\/div>\n        <\/div>\n                        <div  data-lazy=\"1\" class=\"module_row themify_builder_row tb_y481384 tf_w\">\n                        <div class=\"row_inner col_align_top tb_col_count_2 tf_box tf_rel\">\n                        <div  data-lazy=\"1\" class=\"module_column tb-column col4-2 tb_z1lc386 first\">\n                    <!-- module text -->\n<div  class=\"module module-text tb_qwwj40\" data-lazy=\"1\">\n        <div  class=\"tb_text_wrap\">\n        <h2>Ganar eficiencia operativa<\/h2>\n<ul class=\"feature-list__ul\">\n<li class=\"feature-item\">Controle el uso de todas sus balanzas en tiempo real.<\/li>\n<li class=\"feature-item\"><i class=\"far fa-circle fa-1x\" aria-hidden=\"true\"><\/i>Visualice los datos del billete y los informes de pesaje hist\u00f3ricos completos por cualquier atributo referenciado en el billete digital.<\/li>\n<li class=\"feature-item\">\n<p class=\"MsoNormal\"><span style=\"mso-fareast-font-family: 'Times New Roman';\">Programe y exporte tickets de balanza a formatos de archivo PDF, EXCEL y CSV. Integre sin problemas los datos de la balanza, en tiempo real, mediante ganchos web y API a sistemas ERP ascendentes y descendentes, como Acumatica o NetSuite,\u00a0<\/span><span style=\"font-size: 12.0pt; font-family: 'Aptos',sans-serif; mso-fareast-font-family: 'Times New Roman'; mso-bidi-font-family: Aptos; mso-ansi-language: EN-US; mso-fareast-language: EN-US; mso-bidi-language: AR-SA;\">QuickBooks o Sage.<\/span><\/p>\n<\/li>\n<li class=\"feature-item\"><i class=\"far fa-circle fa-1x\" aria-hidden=\"true\"><\/i>Obtenga documentaci\u00f3n de principio a fin, desde el pesaje y la inspecci\u00f3n electr\u00f3nica hasta el procesamiento del pago de todos los tickets de b\u00e1scula.<\/li>\n<li class=\"feature-item\"><i class=\"far fa-circle fa-1x\" aria-hidden=\"true\"><\/i>Disfruta de la seguridad y accesibilidad de tener todos los datos a salvo en la nube.<\/li>\n<\/ul>    <\/div>\n<\/div>\n<!-- \/module text -->        <\/div>\n                    <div  data-lazy=\"1\" class=\"module_column tb-column col4-2 tb_3r0j386 last\">\n                    <!-- module text -->\n<div  class=\"module module-text tb_faoa798\" data-lazy=\"1\">\n        <div  class=\"tb_text_wrap\">\n        <h2 class=\"feature-list-weigh-in__h2\">Aumentar los ingresos<\/h2>\n<ul class=\"feature-list__ul\">\n<li class=\"feature-item\">Lleve m\u00e1s negocio a sus b\u00e1sculas. MyTruckScales informa a los conductores de las b\u00e1sculas cercanas y les orienta con mapas en tiempo real.<\/li>\n<li class=\"feature-item\"><i class=\"far fa-circle fa-1x\" aria-hidden=\"true\"><\/i>Ampl\u00ede el horario de funcionamiento de las b\u00e1sculas a 24 horas al d\u00eda, 7 d\u00edas a la semana, y h\u00e1galas funcionar totalmente desatendidas con supervisi\u00f3n remota en tiempo real y maestros de pesaje remotos, si es necesario.<\/li>\n<li class=\"feature-item\"><i class=\"far fa-circle fa-1x\" aria-hidden=\"true\"><\/i>Evite disputas con los clientes por billetes perdidos o por la cantidad de material transportado.<\/li>\n<li class=\"feature-item\"><i class=\"far fa-circle fa-1x\" aria-hidden=\"true\"><\/i>Ofrezca m\u00e1s transparencia y una facturaci\u00f3n m\u00e1s precisa con las inspecciones electr\u00f3nicas.<\/li>\n<li class=\"feature-item\"><i class=\"far fa-circle fa-1x\" aria-hidden=\"true\"><\/i>Multiplique su b\u00e1scula para incluir pesajes de pago<\/li>\n<li class=\"feature-item\">Acelerar el proceso de pesaje puede aumentar el rendimiento entre 6 y 8 veces.<\/li>\n<\/ul>    <\/div>\n<\/div>\n<!-- \/module text -->        <\/div>\n                        <\/div>\n        <\/div>\n                        <div  data-css_id=\"0gh280\" data-lazy=\"1\" class=\"module_row themify_builder_row fullwidth tb_0gh280 tf_w\">\n                        <div class=\"row_inner col_align_top tb_col_count_3 tf_box tf_rel\">\n                        <div  data-lazy=\"1\" class=\"module_column tb-column col3-1 tb_6de780 first\">\n                            <\/div>\n                    <div  data-lazy=\"1\" class=\"module_column tb-column col3-1 tb_u0f9181\">\n                    <!-- module text -->\n<div  class=\"module module-text tb_iocl293\" data-lazy=\"1\">\n        <div  class=\"tb_text_wrap\">\n        <h1 class=\"get-started__title\">EMPIECE HOY MISMO<\/h1>\n<h3 class=\"get-started__subtitle\">MyTruckScales cambia las reglas del juego para los propietarios de b\u00e1sculas, las empresas de transporte por carretera, los conductores, los operadores propietarios independientes y los propietarios de estaciones de pesaje.<\/h3>\n<p class=\"getStartedToday-item\"><i class=\"far fa-circle fa-1x\" aria-hidden=\"true\"><\/i>Reg\u00edstrese para crear un perfil y sus propios quioscos personalizados.<\/p>\n<p class=\"getStartedToday-item\"><i class=\"far fa-circle fa-1x\" aria-hidden=\"true\"><\/i>Invite a los conductores a descargar el\u00a0<strong>MyTruckScales<\/strong>\u00a0en sus smartphones para ver los quioscos que usted ha creado. Los conductores son dirigidos a sus b\u00e1sculas. Los conductores permanecen seguros en sus camiones y se pesan.<\/p>\n<p class=\"getStartedToday-item\"><i class=\"far fa-circle fa-1x\" aria-hidden=\"true\"><\/i>Los tickets digitales se generan instant\u00e1neamente y se env\u00edan al conductor, al propietario de la b\u00e1scula, a la empresa de transporte o a otras partes interesadas. MyTruckScales gestiona los pagos de sus clientes en funci\u00f3n de las condiciones de pago acordadas.<\/p>    <\/div>\n<\/div>\n<!-- \/module text -->        <\/div>\n                    <div  data-lazy=\"1\" class=\"module_column tb-column col3-1 tb_nlgb113 last\">\n                            <\/div>\n                        <\/div>\n        <\/div>\n                        <div  data-lazy=\"1\" class=\"module_row themify_builder_row tb_enuz965 tf_w\">\n                        <div class=\"row_inner col_align_middle tb_col_count_2 tf_box tf_rel\">\n                        <div  data-lazy=\"1\" class=\"module_column tb-column col4-2 tb_4e08965 first\">\n                    <!-- module image -->\n<div  class=\"module module-image tb_vxhk965 image-center   tf_mw\" data-lazy=\"1\">\n        <div class=\"image-wrap tf_rel tf_mw\">\n            <img loading=\"lazy\" decoding=\"async\" src=\"https:\/\/omnisoftwaregroup.com\/wp-content\/uploads\/2025\/09\/OMNI-Software-Group-MyTruckScales-590x460.png\" width=\"590\" height=\"460\" class=\"wp-post-image wp-image-1327\" title=\"OMNI-Software-Group-MyTruckScales\" alt=\"OMNI-Software-Group-MyTruckScales\" srcset=\"https:\/\/omnisoftwaregroup.com\/wp-content\/uploads\/2025\/09\/OMNI-Software-Group-MyTruckScales.png 590w, https:\/\/omnisoftwaregroup.com\/wp-content\/uploads\/2025\/09\/OMNI-Software-Group-MyTruckScales-300x234.png 300w, https:\/\/omnisoftwaregroup.com\/wp-content\/uploads\/2025\/09\/OMNI-Software-Group-MyTruckScales-15x12.png 15w\" sizes=\"auto, (max-width: 590px) 100vw, 590px\" \/>    \n        <\/div>\n    <!-- \/image-wrap -->\n    \n        <\/div>\n<!-- \/module image -->        <\/div>\n                    <div  data-lazy=\"1\" class=\"module_column tb-column col4-2 tb_ritk965 last\">\n                    <!-- module fancy heading -->\n<div  class=\"module module-fancy-heading tb_4iw3965  tb_hide_divider\" data-lazy=\"1\">\n        <h3 class=\"fancy-heading tf_textc\">\n    <span class=\"main-head tf_block\">\n                    Pesar con <br><img loading=\"lazy\" decoding=\"async\" src=\"https:\/\/omnisoftwaregroup.com\/wp-content\/uploads\/2025\/09\/mts_logo_transparent.42fb8685d120f3b23c99lgblk.png\" alt=\"\" width=\"676\" height=\"120\" class=\"alignnone size-full wp-image-1353\" srcset=\"https:\/\/omnisoftwaregroup.com\/wp-content\/uploads\/2025\/09\/mts_logo_transparent.42fb8685d120f3b23c99lgblk.png 676w, https:\/\/omnisoftwaregroup.com\/wp-content\/uploads\/2025\/09\/mts_logo_transparent.42fb8685d120f3b23c99lgblk-300x53.png 300w, https:\/\/omnisoftwaregroup.com\/wp-content\/uploads\/2025\/09\/mts_logo_transparent.42fb8685d120f3b23c99lgblk-18x3.png 18w\" sizes=\"auto, (max-width: 676px) 100vw, 676px\" \/>            <\/span>\n\n    \n    <span class=\"sub-head tf_block tf_rel\">\n                    Experimente la potencia de un sistema de gesti\u00f3n de b\u00e1sculas digitales para camiones con certificaci\u00f3n NTEP, m\u00f3vil y basado en la nube.            <\/span>\n    <\/h3>\n<\/div>\n<!-- \/module fancy heading -->\n<!-- module divider -->\n<div  class=\"module tf_mw module-divider tb_mbwd965 dashed  divider-custom divider-center\" style=\"border-width: 2px;border-color: #000;max-width: 155px;\" data-lazy=\"1\">\n    <\/div>\n<!-- \/module divider -->\n<!-- module buttons -->\n<div  class=\"module module-buttons tb_x6cj965 buttons-horizontal solid  xlarge\" data-lazy=\"1\">\n        <div class=\"module-buttons-item tf_in_flx\">\n                        <a href=\"\/es\/request-a-demo\/\" class=\"ui builder_button tf_in_flx tb_default_color\" >\n                                                P\u00f3ngase en contacto con                                        <\/a>\n                <\/div>\n            <\/div>\n<!-- \/module buttons -->\n        <\/div>\n                        <\/div>\n        <\/div>\n        <\/div>\n<!--\/themify_builder_content-->","protected":false},"excerpt":{"rendered":"<p>CUT COSTS AND REALLOCATE CAPITAL Eliminate Paper Tickets Remove Scale House PC Servers Get Rid of Physical Kiosks Put your money to work on other business priorities Gain Operational Efficiencies Monitor usage of all of your scales in real time. View ticket data and full historical weighment reports by any attribute referenced on the digital [&hellip;]<\/p>\n","protected":false},"author":1,"featured_media":0,"parent":0,"menu_order":0,"comment_status":"closed","ping_status":"closed","template":"","meta":{"footnotes":""},"class_list":["post-1228","page","type-page","status-publish","hentry","has-post-title","has-post-date","has-post-category","has-post-tag","has-post-comment","has-post-author",""],"_links":{"self":[{"href":"https:\/\/omnisoftwaregroup.com\/es\/wp-json\/wp\/v2\/pages\/1228","targetHints":{"allow":["GET"]}}],"collection":[{"href":"https:\/\/omnisoftwaregroup.com\/es\/wp-json\/wp\/v2\/pages"}],"about":[{"href":"https:\/\/omnisoftwaregroup.com\/es\/wp-json\/wp\/v2\/types\/page"}],"author":[{"embeddable":true,"href":"https:\/\/omnisoftwaregroup.com\/es\/wp-json\/wp\/v2\/users\/1"}],"replies":[{"embeddable":true,"href":"https:\/\/omnisoftwaregroup.com\/es\/wp-json\/wp\/v2\/comments?post=1228"}],"version-history":[{"count":10,"href":"https:\/\/omnisoftwaregroup.com\/es\/wp-json\/wp\/v2\/pages\/1228\/revisions"}],"predecessor-version":[{"id":1354,"href":"https:\/\/omnisoftwaregroup.com\/es\/wp-json\/wp\/v2\/pages\/1228\/revisions\/1354"}],"wp:attachment":[{"href":"https:\/\/omnisoftwaregroup.com\/es\/wp-json\/wp\/v2\/media?parent=1228"}],"curies":[{"name":"wp","href":"https:\/\/api.w.org\/{rel}","templated":true}]}}