{"id":1222,"date":"2025-09-02T07:30:42","date_gmt":"2025-09-02T13:30:42","guid":{"rendered":"https:\/\/omnisoftwaregroup.com\/?page_id=1222"},"modified":"2025-09-02T10:15:58","modified_gmt":"2025-09-02T16:15:58","slug":"software-development-design-implementation","status":"publish","type":"page","link":"https:\/\/omnisoftwaregroup.com\/es\/software-development-design-implementation\/","title":{"rendered":"Desarrollo, dise\u00f1o e implantaci\u00f3n de software"},"content":{"rendered":"<!--themify_builder_content-->\n<div id=\"themify_builder_content-1222\" data-postid=\"1222\" class=\"themify_builder_content themify_builder_content-1222 themify_builder tf_clear\">\n                    <div  data-css_id=\"tunq968\" data-lazy=\"1\" class=\"module_row themify_builder_row fullwidth tb_tunq968 tb_first tf_w\">\n            <span  class=\"builder_row_cover tf_abs\" data-lazy=\"1\"><\/span>            <div class=\"row_inner col_align_top tb_col_count_1 tf_box tf_rel\">\n                        <div  data-lazy=\"1\" class=\"module_column tb-column col-full tb_gslb968 first\">\n                    <!-- module fancy heading -->\n<div  class=\"module module-fancy-heading tb_70r2968  tb_hide_divider\" data-lazy=\"1\">\n        <h1 class=\"fancy-heading tf_textc\">\n    <span class=\"main-head tf_block\">\n                    Desarrollo, dise\u00f1o e implantaci\u00f3n de software            <\/span>\n\n    \n    <span class=\"sub-head tf_block tf_rel\">\n                                <\/span>\n    <\/h1>\n<\/div>\n<!-- \/module fancy heading -->\n        <\/div>\n                        <\/div>\n        <\/div>\n                        <div  data-lazy=\"1\" class=\"module_row themify_builder_row tb_8uey92 tf_w\">\n                        <div class=\"row_inner col_align_top tb_col_count_1 tf_box tf_rel\">\n                        <div  data-lazy=\"1\" class=\"module_column tb-column col-full tb_merk92 first\">\n                    <!-- module text -->\n<div  class=\"module module-text tb_n9e092\" data-lazy=\"1\">\n        <div  class=\"tb_text_wrap\">\n        <ul><li><h4>Sistemas de copia de seguridad y restauraci\u00f3n CLOUD dise\u00f1ados a medida.<\/h4><\/li><li><h4>Dise\u00f1ar sistemas de recogida de datos e informes relacionados.<\/h4><\/li><li><h4>Dise\u00f1a sistemas de informaci\u00f3n financiera y elabora informes financieros.<\/h4><\/li><li><h4>Asistencia en la conversi\u00f3n de datos de un programa inform\u00e1tico a otro.<\/h4><\/li><li><h4>Expertos en evaluaci\u00f3n y dise\u00f1o de hardware para compatibilidad de software.<\/h4><\/li><li><h4>Traducci\u00f3n experta al software existente (a casi cualquier idioma).<\/h4><\/li><li><h4>Data Hubs dise\u00f1ados y construidos a medida que consolidan m\u00faltiples servidores en distintas ubicaciones geogr\u00e1ficas para la elaboraci\u00f3n de informes.<\/h4><\/li><\/ul>    <\/div>\n<\/div>\n<!-- \/module text -->        <\/div>\n                        <\/div>\n        <\/div>\n                        <div  data-lazy=\"1\" class=\"module_row themify_builder_row tb_724f92 tf_w\">\n                        <div class=\"row_inner col_align_middle tb_col_count_2 tf_box tf_rel\">\n                        <div  data-lazy=\"1\" class=\"module_column tb-column col4-2 tb_iavc92 first\">\n                    <!-- module image -->\n<div  class=\"module module-image tb_gqyb92 image-center   tf_mw\" data-lazy=\"1\">\n        <div class=\"image-wrap tf_rel tf_mw\">\n            <img loading=\"lazy\" decoding=\"async\" src=\"https:\/\/omnisoftwaregroup.com\/wp-content\/uploads\/2025\/09\/OMNI-Software-Group-IT-software-development-design-implementation-590x460.png\" width=\"590\" height=\"460\" class=\"wp-post-image wp-image-1272\" title=\"OMNI-Software-Group-IT-software-development-design-implementation\" alt=\"OMNI-Software-Group-IT-software-development-design-implementation\" srcset=\"https:\/\/omnisoftwaregroup.com\/wp-content\/uploads\/2025\/09\/OMNI-Software-Group-IT-software-development-design-implementation.png 590w, https:\/\/omnisoftwaregroup.com\/wp-content\/uploads\/2025\/09\/OMNI-Software-Group-IT-software-development-design-implementation-300x234.png 300w, https:\/\/omnisoftwaregroup.com\/wp-content\/uploads\/2025\/09\/OMNI-Software-Group-IT-software-development-design-implementation-15x12.png 15w\" sizes=\"auto, (max-width: 590px) 100vw, 590px\" \/>    \n        <\/div>\n    <!-- \/image-wrap -->\n    \n        <\/div>\n<!-- \/module image -->        <\/div>\n                    <div  data-lazy=\"1\" class=\"module_column tb-column col4-2 tb_p82792 last\">\n                    <!-- module fancy heading -->\n<div  class=\"module module-fancy-heading tb_u98k92  tb_hide_divider\" data-lazy=\"1\">\n        <h3 class=\"fancy-heading tf_textc\">\n    <span class=\"main-head tf_block\">\n                    Desarrollo de software a medida            <\/span>\n\n    \n    <span class=\"sub-head tf_block tf_rel\">\n                    \u00a1Cons\u00faltenos!            <\/span>\n    <\/h3>\n<\/div>\n<!-- \/module fancy heading -->\n<!-- module divider -->\n<div  class=\"module tf_mw module-divider tb_a8vm92 dashed  divider-custom divider-center\" style=\"border-width: 2px;border-color: #000;max-width: 155px;\" data-lazy=\"1\">\n    <\/div>\n<!-- \/module divider -->\n<!-- module buttons -->\n<div  class=\"module module-buttons tb_scw492 buttons-horizontal solid  xlarge\" data-lazy=\"1\">\n        <div class=\"module-buttons-item tf_in_flx\">\n                        <a href=\"\/es\/request-a-demo\/\" class=\"ui builder_button tf_in_flx tb_default_color\" >\n                                                P\u00f3ngase en contacto con                                        <\/a>\n                <\/div>\n            <\/div>\n<!-- \/module buttons -->\n        <\/div>\n                        <\/div>\n        <\/div>\n        <\/div>\n<!--\/themify_builder_content-->","protected":false},"excerpt":{"rendered":"<p>Custom-designed CLOUD backup and restore systems.Design data collection systems and related reports.Designs financial information systems and prepares financial-related reports.Assist with Data Conversions \u2013 one software package to another.Experts in evaluating and designing hardware for software compatibility.Expert language translation to existing software (to most any language).Custom-designed and built Data Hubs consolidating multiple servers across geographic locations [&hellip;]<\/p>\n","protected":false},"author":1,"featured_media":0,"parent":0,"menu_order":0,"comment_status":"closed","ping_status":"closed","template":"","meta":{"footnotes":""},"class_list":["post-1222","page","type-page","status-publish","hentry","has-post-title","has-post-date","has-post-category","has-post-tag","has-post-comment","has-post-author",""],"_links":{"self":[{"href":"https:\/\/omnisoftwaregroup.com\/es\/wp-json\/wp\/v2\/pages\/1222","targetHints":{"allow":["GET"]}}],"collection":[{"href":"https:\/\/omnisoftwaregroup.com\/es\/wp-json\/wp\/v2\/pages"}],"about":[{"href":"https:\/\/omnisoftwaregroup.com\/es\/wp-json\/wp\/v2\/types\/page"}],"author":[{"embeddable":true,"href":"https:\/\/omnisoftwaregroup.com\/es\/wp-json\/wp\/v2\/users\/1"}],"replies":[{"embeddable":true,"href":"https:\/\/omnisoftwaregroup.com\/es\/wp-json\/wp\/v2\/comments?post=1222"}],"version-history":[{"count":6,"href":"https:\/\/omnisoftwaregroup.com\/es\/wp-json\/wp\/v2\/pages\/1222\/revisions"}],"predecessor-version":[{"id":1305,"href":"https:\/\/omnisoftwaregroup.com\/es\/wp-json\/wp\/v2\/pages\/1222\/revisions\/1305"}],"wp:attachment":[{"href":"https:\/\/omnisoftwaregroup.com\/es\/wp-json\/wp\/v2\/media?parent=1222"}],"curies":[{"name":"wp","href":"https:\/\/api.w.org\/{rel}","templated":true}]}}