{"id":1220,"date":"2025-09-02T07:29:57","date_gmt":"2025-09-02T13:29:57","guid":{"rendered":"https:\/\/omnisoftwaregroup.com\/?page_id=1220"},"modified":"2025-09-04T11:33:36","modified_gmt":"2025-09-04T17:33:36","slug":"it-support-services","status":"publish","type":"page","link":"https:\/\/omnisoftwaregroup.com\/es\/it-support-services\/","title":{"rendered":"Servicios de asistencia inform\u00e1tica"},"content":{"rendered":"<!--themify_builder_content-->\n<div id=\"themify_builder_content-1220\" data-postid=\"1220\" class=\"themify_builder_content themify_builder_content-1220 themify_builder tf_clear\">\n                    <div  data-css_id=\"2y8v395\" data-lazy=\"1\" class=\"module_row themify_builder_row fullwidth tb_2y8v395 tb_first tf_w\">\n            <span  class=\"builder_row_cover tf_abs\" data-lazy=\"1\"><\/span>            <div class=\"row_inner col_align_top tb_col_count_1 tf_box tf_rel\">\n                        <div  data-lazy=\"1\" class=\"module_column tb-column col-full tb_omr8395 first\">\n                    <!-- module fancy heading -->\n<div  class=\"module module-fancy-heading tb_8wft802  tb_hide_divider\" data-lazy=\"1\">\n        <h1 class=\"fancy-heading tf_textc\">\n    <span class=\"main-head tf_block\">\n                    SERVICIOS DE APOYO INFORM\u00c1TICO            <\/span>\n\n    \n    <span class=\"sub-head tf_block tf_rel\">\n                                <\/span>\n    <\/h1>\n<\/div>\n<!-- \/module fancy heading -->\n        <\/div>\n                        <\/div>\n        <\/div>\n                        <div  data-lazy=\"1\" class=\"module_row themify_builder_row tb_11ss870 tf_w\">\n                        <div class=\"row_inner col_align_top tb_col_count_1 tf_box tf_rel\">\n                        <div  data-lazy=\"1\" class=\"module_column tb-column col-full tb_n3pc871 first\">\n                    <!-- module text -->\n<div  class=\"module module-text tb_76zr448\" data-lazy=\"1\">\n        <div  class=\"tb_text_wrap\">\n        <ul>\n<li>\n<h4>Asistencia experta en soluci\u00f3n de problemas de estaciones de trabajo, servidores e instalaci\u00f3n de diversas aplicaciones de programas, incluidas las actualizaciones.<\/h4>\n<\/li>\n<li>\n<h4>Solucionar problemas de eficacia de las estaciones de trabajo, conectividad con perif\u00e9ricos, detecci\u00f3n de virus, almacenamiento y sistemas de copia de seguridad en general.<\/h4>\n<\/li>\n<li>\n<h4>Ayudar a configurar, coordinar y supervisar la conectividad a m\u00faltiples direcciones IP. Construya sistemas de redes para ubicaciones \u00fanicas o m\u00faltiples.  Esto garantiza una interrupci\u00f3n m\u00ednima y m\u00e1s tiempo de actividad.<\/h4>\n<\/li>\n<li>\n<h4>Asistencia para servidores en nube, supervisi\u00f3n, copia de seguridad y recuperaci\u00f3n de datos, y pruebas peri\u00f3dicas.<\/h4>\n<\/li>\n<li>\n<h4>Consultor\u00eda, dise\u00f1o e implementaci\u00f3n de ciberseguridad, incluidos sistemas de cifrado, confirmaciones de correo electr\u00f3nico a datos y autenticaciones de inicio de sesi\u00f3n\/datos.  Esto incluye cortafuegos y control de acceso remoto. Cumplimiento de normas y requisitos reglamentarios.<\/h4>\n<\/li>\n<li>\n<h4>Experiencia en asesoramiento sobre una amplia gama de equipos de infraestructura, como esc\u00e1neres, sistemas de c\u00f3digos de barras, balanzas autom\u00e1ticas, cajeros autom\u00e1ticos, c\u00e1maras, etc.<\/h4>\n<\/li>\n<\/ul>    <\/div>\n<\/div>\n<!-- \/module text -->        <\/div>\n                        <\/div>\n        <\/div>\n                        <div  data-lazy=\"1\" class=\"module_row themify_builder_row tb_3jd6247 tf_w\">\n                        <div class=\"row_inner col_align_middle tb_col_count_2 tf_box tf_rel\">\n                        <div  data-lazy=\"1\" class=\"module_column tb-column col4-2 tb_1nd3247 first\">\n                    <!-- module fancy heading -->\n<div  class=\"module module-fancy-heading tb_f7wq247  tb_hide_divider\" data-lazy=\"1\">\n        <h3 class=\"fancy-heading tf_textc\">\n    <span class=\"main-head tf_block\">\n                    El apoyo que necesitas,            <\/span>\n\n    \n    <span class=\"sub-head tf_block tf_rel\">\n                    cuando lo necesite            <\/span>\n    <\/h3>\n<\/div>\n<!-- \/module fancy heading -->\n<!-- module divider -->\n<div  class=\"module tf_mw module-divider tb_r0if95 dashed  divider-custom divider-center\" style=\"border-width: 2px;border-color: #000;max-width: 155px;\" data-lazy=\"1\">\n    <\/div>\n<!-- \/module divider -->\n<!-- module buttons -->\n<div  class=\"module module-buttons tb_mu5g581 buttons-horizontal solid  xlarge\" data-lazy=\"1\">\n        <div class=\"module-buttons-item tf_in_flx\">\n                        <a href=\"\/es\/request-a-demo\/\" class=\"ui builder_button tf_in_flx tb_default_color\" >\n                                                Contacte con nosotros                                        <\/a>\n                <\/div>\n            <\/div>\n<!-- \/module buttons -->\n        <\/div>\n                    <div  data-lazy=\"1\" class=\"module_column tb-column col4-2 tb_yu29247 last\">\n                    <!-- module image -->\n<div  class=\"module module-image tb_p46a247 image-center   tf_mw\" data-lazy=\"1\">\n        <div class=\"image-wrap tf_rel tf_mw\">\n            <img loading=\"lazy\" decoding=\"async\" src=\"https:\/\/omnisoftwaregroup.com\/wp-content\/uploads\/2025\/09\/OMNI-Software-Group-IT-support-services-collage-590x460.png\" width=\"590\" height=\"460\" class=\"wp-post-image wp-image-1260\" title=\"OMNI-Software-Group-IT-support-services-collage\" alt=\"OMNI-Software-Group-IT-support-services-collage\" srcset=\"https:\/\/omnisoftwaregroup.com\/wp-content\/uploads\/2025\/09\/OMNI-Software-Group-IT-support-services-collage.png 590w, https:\/\/omnisoftwaregroup.com\/wp-content\/uploads\/2025\/09\/OMNI-Software-Group-IT-support-services-collage-300x234.png 300w, https:\/\/omnisoftwaregroup.com\/wp-content\/uploads\/2025\/09\/OMNI-Software-Group-IT-support-services-collage-15x12.png 15w\" sizes=\"auto, (max-width: 590px) 100vw, 590px\" \/>    \n        <\/div>\n    <!-- \/image-wrap -->\n    \n        <\/div>\n<!-- \/module image -->        <\/div>\n                        <\/div>\n        <\/div>\n        <\/div>\n<!--\/themify_builder_content-->","protected":false},"excerpt":{"rendered":"<p>IT SUPPORT SERVICES Expert assistance in workstation troubleshooting, servers, and installation of various program applications, including updates. Troubleshoot the efficiency of workstations, connectivity to peripherals,\u00a0 virus detection, storage, and backup systems in general. Assist with setting up, coordinating, and monitoring connectivity to multiple IP addresses. Build networking systems for single or multiple site locations.\u00a0 This [&hellip;]<\/p>\n","protected":false},"author":1,"featured_media":0,"parent":0,"menu_order":0,"comment_status":"closed","ping_status":"closed","template":"","meta":{"footnotes":""},"class_list":["post-1220","page","type-page","status-publish","hentry","has-post-title","has-post-date","has-post-category","has-post-tag","has-post-comment","has-post-author",""],"_links":{"self":[{"href":"https:\/\/omnisoftwaregroup.com\/es\/wp-json\/wp\/v2\/pages\/1220","targetHints":{"allow":["GET"]}}],"collection":[{"href":"https:\/\/omnisoftwaregroup.com\/es\/wp-json\/wp\/v2\/pages"}],"about":[{"href":"https:\/\/omnisoftwaregroup.com\/es\/wp-json\/wp\/v2\/types\/page"}],"author":[{"embeddable":true,"href":"https:\/\/omnisoftwaregroup.com\/es\/wp-json\/wp\/v2\/users\/1"}],"replies":[{"embeddable":true,"href":"https:\/\/omnisoftwaregroup.com\/es\/wp-json\/wp\/v2\/comments?post=1220"}],"version-history":[{"count":7,"href":"https:\/\/omnisoftwaregroup.com\/es\/wp-json\/wp\/v2\/pages\/1220\/revisions"}],"predecessor-version":[{"id":1339,"href":"https:\/\/omnisoftwaregroup.com\/es\/wp-json\/wp\/v2\/pages\/1220\/revisions\/1339"}],"wp:attachment":[{"href":"https:\/\/omnisoftwaregroup.com\/es\/wp-json\/wp\/v2\/media?parent=1220"}],"curies":[{"name":"wp","href":"https:\/\/api.w.org\/{rel}","templated":true}]}}